{"id":22,"date":"2022-02-28T10:40:34","date_gmt":"2022-02-28T10:40:34","guid":{"rendered":"http:\/\/abdiet33.online\/?page_id=22"},"modified":"2024-10-11T13:35:40","modified_gmt":"2024-10-11T11:35:40","slug":"accueil","status":"publish","type":"page","link":"https:\/\/abdiet33.com\/","title":{"rendered":"Accueil"},"content":{"rendered":"<style>.kb-row-layout-wrap.wp-block-kadence-rowlayout.kb-row-layout-id_584f03-46{margin-top:-20px;}.kb-row-layout-id_584f03-46 > .kt-row-column-wrap{align-content:start;}:where(.kb-row-layout-id_584f03-46 > .kt-row-column-wrap) > .wp-block-kadence-column{justify-content:start;}.kb-row-layout-id_584f03-46 > .kt-row-column-wrap{column-gap:var(--global-kb-gap-md, 2rem);row-gap:var(--global-kb-gap-md, 2rem);max-width:900px;margin-left:auto;margin-right:auto;padding-top:130px;padding-bottom:152px;min-height:100vh;grid-template-columns:minmax(0, 1fr);}.kb-row-layout-id_584f03-46{background-image:url('https:\/\/abdiet33.com\/wp-content\/uploads\/2022\/02\/bg-body-accueil-scaled-1.jpg');background-size:cover;background-position:0% 0%;background-attachment:fixed;background-repeat:no-repeat;}.kb-row-layout-id_584f03-46 > .kt-row-layout-overlay{opacity:0.80;background-color:#e7efc5;mix-blend-mode:screen;}.kb-row-layout-id_584f03-46 .kt-row-layout-bottom-sep{height:100px;}.kb-row-layout-id_584f03-46 .kt-row-layout-bottom-sep svg{width:100%;}.kb-row-layout-id_584f03-46 .kt-row-layout-bottom-sep svg{fill:#ffffff!important;}@media all and (max-width: 1024px){.kb-row-layout-id_584f03-46 > .kt-row-column-wrap{grid-template-columns:minmax(0, 1fr);}}@media all and (max-width: 1024px){.kb-row-layout-id_584f03-46 .kt-row-layout-bottom-sep{height:px;}}@media all and (max-width: 1024px){.kb-row-layout-id_584f03-46 .kt-row-layout-bottom-sep svg{width:%;}}@media all and (max-width: 767px){.kb-row-layout-id_584f03-46 > .kt-row-column-wrap{grid-template-columns:minmax(0, 1fr);}.kb-row-layout-id_584f03-46 .kt-row-layout-bottom-sep{height:px;}.kb-row-layout-id_584f03-46 .kt-row-layout-bottom-sep svg{width:%;}}<\/style><div class=\"kb-row-layout-wrap kb-row-layout-id_584f03-46 alignfull kt-row-has-bg kt-jarallax wp-block-kadence-rowlayout\"><div class=\"kt-row-layout-overlay kt-row-overlay-normal\"><\/div><div class=\"kt-row-column-wrap kt-has-1-columns kt-row-layout-equal kt-tab-layout-inherit kt-mobile-layout-row kt-row-valign-top\">\n<style>.kadence-column_3df01d-25, .kt-inside-inner-col > .kadence-column_3df01d-25:not(.specificity){margin-top:70px;}.kadence-column_3df01d-25 > .kt-inside-inner-col,.kadence-column_3df01d-25 > .kt-inside-inner-col:before{border-top-left-radius:0px;border-top-right-radius:0px;border-bottom-right-radius:0px;border-bottom-left-radius:0px;}.kadence-column_3df01d-25 > .kt-inside-inner-col:before{opacity:0.3;}.kadence-column_3df01d-25{position:relative;}<\/style>\n<div class=\"wp-block-kadence-column kadence-column_3df01d-25 inner-column-1\"><div class=\"kt-inside-inner-col\"><style>.wp-block-kadence-advancedheading.kt-adv-heading_147343-54, .wp-block-kadence-advancedheading.kt-adv-heading_147343-54[data-kb-block=\"kb-adv-heading_147343-54\"]{text-align:center;font-size:45px;font-style:normal;color:#5a3a22;}.wp-block-kadence-advancedheading.kt-adv-heading_147343-54 mark, .wp-block-kadence-advancedheading.kt-adv-heading_147343-54[data-kb-block=\"kb-adv-heading_147343-54\"] mark{font-style:normal;color:#f76a0c;padding-top:0px;padding-right:0px;padding-bottom:0px;padding-left:0px;}<\/style>\n<h1 class=\"kt-adv-heading_147343-54 wp-block-kadence-advancedheading\" data-kb-block=\"kb-adv-heading_147343-54\">Aur\u00e9lie Bareille<\/h1>\n\n\n<style>.wp-block-kadence-advancedheading.kt-adv-heading_4624a5-56, .wp-block-kadence-advancedheading.kt-adv-heading_4624a5-56[data-kb-block=\"kb-adv-heading_4624a5-56\"]{text-align:center;font-size:30px;font-style:normal;color:#5a3a22;}.wp-block-kadence-advancedheading.kt-adv-heading_4624a5-56 mark, .wp-block-kadence-advancedheading.kt-adv-heading_4624a5-56[data-kb-block=\"kb-adv-heading_4624a5-56\"] mark{font-style:normal;color:#f76a0c;padding-top:0px;padding-right:0px;padding-bottom:0px;padding-left:0px;}<\/style>\n<h3 class=\"kt-adv-heading_4624a5-56 wp-block-kadence-advancedheading\" data-kb-block=\"kb-adv-heading_4624a5-56\">Di\u00e9t\u00e9ticienne Nutritionniste &#8211; \u00ab\u00a0D\u00e9dramadiet\u00a0\u00bb<\/h3>\n\n\n<style>.wp-block-kadence-advancedheading.kt-adv-heading_21479d-ab, .wp-block-kadence-advancedheading.kt-adv-heading_21479d-ab[data-kb-block=\"kb-adv-heading_21479d-ab\"]{text-align:center;font-size:20px;font-style:normal;color:#5a3a22;}.wp-block-kadence-advancedheading.kt-adv-heading_21479d-ab mark, .wp-block-kadence-advancedheading.kt-adv-heading_21479d-ab[data-kb-block=\"kb-adv-heading_21479d-ab\"] mark{font-style:normal;color:#f76a0c;padding-top:0px;padding-right:0px;padding-bottom:0px;padding-left:0px;}<\/style>\n<h6 class=\"kt-adv-heading_21479d-ab wp-block-kadence-advancedheading\" data-kb-block=\"kb-adv-heading_21479d-ab\">\u00ab\u00a0N&rsquo;ayez plus peur de manger\u00a0\u00bb<\/h6>\n\n\n\n<p class=\"has-text-align-center has-text-color has-link-color wp-elements-5597ca8e05b038c91dc9391beb0e3581\" style=\"color:#5a3a22\"><strong><em>Fille, Femme, M\u00e8re, Grand M\u00e8re, vivez en harmonie avec vos hormones capricieuses et parcourez sereinement les chapitres de votre vie, gr\u00e2ce \u00e0 mon accompagnement bienveillant<\/em><\/strong><\/p>\n\n\n<style>.wp-block-kadence-advancedbtn.kb-btns_00886c-56{gap:var(--global-kb-gap-xs, 0.5rem );justify-content:center;align-items:center;}.kt-btns_00886c-56 .kt-button{font-weight:normal;font-style:normal;}<\/style>\n<div class=\"wp-block-kadence-advancedbtn kb-buttons-wrap kb-btns_00886c-56\"><style>.wp-block-kadence-advancedbtn .kb-btn_58d893-54.kb-button{color:#e7efc5;background:#5a3a22;font-style:normal;font-weight:regular;border-top-color:#5a3a22;border-top-style:solid;border-right-color:#5a3a22;border-right-style:solid;border-bottom-color:#5a3a22;border-bottom-style:solid;border-left-color:#5a3a22;border-left-style:solid;}.wp-block-kadence-advancedbtn .kb-btn_58d893-54.kb-button:hover{color:#5a3a22;background:#e7efc5;border-top-color:#5a3a22;border-top-style:solid;border-right-color:#5a3a22;border-right-style:solid;border-bottom-color:#5a3a22;border-bottom-style:solid;border-left-color:#5a3a22;border-left-style:solid;}@media all and (max-width: 1024px){.wp-block-kadence-advancedbtn .kb-btn_58d893-54.kb-button{border-top-color:#5a3a22;border-top-style:solid;border-right-color:#5a3a22;border-right-style:solid;border-bottom-color:#5a3a22;border-bottom-style:solid;border-left-color:#5a3a22;border-left-style:solid;}}@media all and (max-width: 1024px){.wp-block-kadence-advancedbtn .kb-btn_58d893-54.kb-button:hover{border-top-color:#5a3a22;border-top-style:solid;border-right-color:#5a3a22;border-right-style:solid;border-bottom-color:#5a3a22;border-bottom-style:solid;border-left-color:#5a3a22;border-left-style:solid;}}@media all and (max-width: 767px){.wp-block-kadence-advancedbtn .kb-btn_58d893-54.kb-button{border-top-color:#5a3a22;border-top-style:solid;border-right-color:#5a3a22;border-right-style:solid;border-bottom-color:#5a3a22;border-bottom-style:solid;border-left-color:#5a3a22;border-left-style:solid;}.wp-block-kadence-advancedbtn .kb-btn_58d893-54.kb-button:hover{border-top-color:#5a3a22;border-top-style:solid;border-right-color:#5a3a22;border-right-style:solid;border-bottom-color:#5a3a22;border-bottom-style:solid;border-left-color:#5a3a22;border-left-style:solid;}}<\/style><a class=\"kb-button kt-button button kb-btn_58d893-54 kt-btn-size-standard kt-btn-width-type-auto kb-btn-global-outline kt-btn-has-text-true kt-btn-has-svg-false wp-block-kadence-singlebtn\" href=\"https:\/\/www.madietenligne.fr\/annuaire\/aurelie-bareille?fbclid=IwAR2PdUUxHMZa3myfaLpgcoSpdOw1TOUW78fEa9nsJPMIeNidUskrulz6jYc\" target=\"_blank\" rel=\"noreferrer noopener\"><span class=\"kt-btn-inner-text\">Rendez-vous<\/span><\/a><\/div>\n<\/div><\/div>\n\n<\/div><\/div>\n\n<style>.kb-row-layout-id_8791e8-f0 > .kt-row-column-wrap{align-content:start;}:where(.kb-row-layout-id_8791e8-f0 > .kt-row-column-wrap) > .wp-block-kadence-column{justify-content:start;}.kb-row-layout-id_8791e8-f0 > .kt-row-column-wrap{column-gap:var(--global-kb-gap-md, 2rem);row-gap:var(--global-kb-gap-md, 2rem);padding-top:25px;padding-bottom:25px;min-height:100vh;grid-template-columns:repeat(2, minmax(0, 1fr));}.kb-row-layout-id_8791e8-f0 > .kt-row-layout-overlay{opacity:0.30;}@media all and (max-width: 1024px){.kb-row-layout-id_8791e8-f0 > .kt-row-column-wrap{grid-template-columns:repeat(2, minmax(0, 1fr));}}@media all and (max-width: 767px){.kb-row-layout-id_8791e8-f0 > .kt-row-column-wrap{grid-template-columns:minmax(0, 1fr);}}<\/style><div class=\"kb-row-layout-wrap kb-row-layout-id_8791e8-f0 aligncenter wp-block-kadence-rowlayout\" id=\"apropos\"><div class=\"kt-row-column-wrap kt-has-2-columns kt-row-layout-equal kt-tab-layout-inherit kt-mobile-layout-row kt-row-valign-top\">\n<style>.kadence-column_067c7d-15 > .kt-inside-inner-col,.kadence-column_067c7d-15 > .kt-inside-inner-col:before{border-top-left-radius:0px;border-top-right-radius:0px;border-bottom-right-radius:0px;border-bottom-left-radius:0px;}.kadence-column_067c7d-15 > .kt-inside-inner-col{justify-content:center;flex-direction:column;display:flex;}.kadence-column_067c7d-15 > .kt-inside-inner-col > .aligncenter{width:100%;}.kt-row-column-wrap > .kadence-column_067c7d-15{align-self:center;}.kt-inner-column-height-full:not(.kt-has-1-columns) > .wp-block-kadence-column.kadence-column_067c7d-15{align-self:auto;}.kt-inner-column-height-full:not(.kt-has-1-columns) > .wp-block-kadence-column.kadence-column_067c7d-15 > .kt-inside-inner-col{display:flex;flex-direction:column;justify-content:center;}.kadence-column_067c7d-15 > .kt-inside-inner-col:before{opacity:0.3;}.kadence-column_067c7d-15{position:relative;}<\/style>\n<div class=\"wp-block-kadence-column kadence-column_067c7d-15 inner-column-1\"><div class=\"kt-inside-inner-col\"><div class=\"wp-block-image is-style-rounded\">\n<figure class=\"aligncenter size-large\"><img loading=\"lazy\" decoding=\"async\" width=\"1024\" height=\"683\" src=\"https:\/\/abdiet33.com\/wp-content\/uploads\/2022\/08\/1661407006210-1024x683.jpeg\" alt=\"\" class=\"wp-image-353\" srcset=\"https:\/\/abdiet33.com\/wp-content\/uploads\/2022\/08\/1661407006210-1024x683.jpeg 1024w, https:\/\/abdiet33.com\/wp-content\/uploads\/2022\/08\/1661407006210-300x200.jpeg 300w, https:\/\/abdiet33.com\/wp-content\/uploads\/2022\/08\/1661407006210-768x512.jpeg 768w, https:\/\/abdiet33.com\/wp-content\/uploads\/2022\/08\/1661407006210-1536x1025.jpeg 1536w, https:\/\/abdiet33.com\/wp-content\/uploads\/2022\/08\/1661407006210.jpeg 2048w\" sizes=\"(max-width: 1024px) 100vw, 1024px\" \/><\/figure><\/div><\/div><\/div>\n\n\n<style>.kadence-column_bdb0e7-7a > .kt-inside-inner-col,.kadence-column_bdb0e7-7a > .kt-inside-inner-col:before{border-top-left-radius:0px;border-top-right-radius:0px;border-bottom-right-radius:0px;border-bottom-left-radius:0px;}.kadence-column_bdb0e7-7a > .kt-inside-inner-col{justify-content:center;flex-direction:column;display:flex;}.kadence-column_bdb0e7-7a > .kt-inside-inner-col > .aligncenter{width:100%;}.kt-row-column-wrap > .kadence-column_bdb0e7-7a{align-self:center;}.kt-inner-column-height-full:not(.kt-has-1-columns) > .wp-block-kadence-column.kadence-column_bdb0e7-7a{align-self:auto;}.kt-inner-column-height-full:not(.kt-has-1-columns) > .wp-block-kadence-column.kadence-column_bdb0e7-7a > .kt-inside-inner-col{display:flex;flex-direction:column;justify-content:center;}.kadence-column_bdb0e7-7a > .kt-inside-inner-col:before{opacity:0.3;}.kadence-column_bdb0e7-7a, .kadence-column_bdb0e7-7a h1, .kadence-column_bdb0e7-7a h2, .kadence-column_bdb0e7-7a h3, .kadence-column_bdb0e7-7a h4, .kadence-column_bdb0e7-7a h5, .kadence-column_bdb0e7-7a h6{color:#5a3a22;}.kadence-column_bdb0e7-7a{position:relative;}<\/style>\n<div class=\"wp-block-kadence-column kadence-column_bdb0e7-7a inner-column-2\"><div class=\"kt-inside-inner-col\"><style>.wp-block-kadence-advancedheading.kt-adv-heading_8af805-e8, .wp-block-kadence-advancedheading.kt-adv-heading_8af805-e8[data-kb-block=\"kb-adv-heading_8af805-e8\"]{font-style:normal;color:#5a3a22;}.wp-block-kadence-advancedheading.kt-adv-heading_8af805-e8 mark, .wp-block-kadence-advancedheading.kt-adv-heading_8af805-e8[data-kb-block=\"kb-adv-heading_8af805-e8\"] mark{font-style:normal;color:#f76a0c;padding-top:0px;padding-right:0px;padding-bottom:0px;padding-left:0px;}<\/style>\n<h6 class=\"kt-adv-heading_8af805-e8 wp-block-kadence-advancedheading\" data-kb-block=\"kb-adv-heading_8af805-e8\">Qui&nbsp;suis-je&nbsp;?<\/h6>\n\n\n\n<div class=\"wp-block-group\"><div class=\"wp-block-group__inner-container is-layout-flow wp-block-group-is-layout-flow\">\n<p class=\"has-text-align-center\"><em>C&rsquo;est toujours un peu difficile de se d\u00e9finir<\/em>&#8230;<\/p>\n\n\n\n<p class=\"has-text-align-center\"><em>Mes proches disent de moi que je suis <strong>bienveillante<\/strong>, <strong>tol\u00e9rante<\/strong>, une personne de confiance<\/em>.<\/p>\n\n\n\n<p class=\"has-text-align-center\"><em>J&rsquo;ai toujours fait en sorte, d&rsquo;\u00eatre une <strong>oreille attentive<\/strong> et un soutien, pour tout ceux qui en ont besoin<\/em>, <em>en tentant de pointer le positif, pour toujours <strong>d\u00e9dramatiser<\/strong> la situation et apporter plus de l\u00e9g\u00e8ret\u00e9<\/em><\/p>\n\n\n\n<p class=\"has-text-align-center\"><em>Depuis quelques ann\u00e9es, je tends vers un retour aux sources, avec un mode de vie et une alimentation les plus naturels possible<\/em>.<\/p>\n\n\n\n<p class=\"has-text-align-center\"><em>Tout comme Hippocrate, je pense que notre alimentation est notre premi\u00e8re m\u00e9decine. Devenir di\u00e9t\u00e9ticienne \u00e9tait donc la suite logique de mon d\u00e9veloppement personnel<\/em> <em>et professionnel.<\/em><\/p>\n\n\n\n<p class=\"has-text-align-center\"><em>Maintenant que je suis titulaire du BTS Di\u00e9t\u00e9tique, qui m&rsquo;offre une l\u00e9gitimit\u00e9 \u00e0 <strong>prendre soin de vous<\/strong>, je suis impatiente de vous rencontrer<\/em>.<\/p>\n<\/div><\/div>\n<\/div><\/div>\n\n<\/div><\/div>\n\n<style>.kb-row-layout-id_1ef690-3f > .kt-row-column-wrap{align-content:start;}:where(.kb-row-layout-id_1ef690-3f > .kt-row-column-wrap) > .wp-block-kadence-column{justify-content:start;}.kb-row-layout-id_1ef690-3f > .kt-row-column-wrap{column-gap:var(--global-kb-gap-md, 2rem);row-gap:var(--global-kb-gap-md, 2rem);max-width:900px;margin-left:auto;margin-right:auto;padding-top:130px;padding-bottom:152px;grid-template-columns:minmax(0, 1fr);}.kb-row-layout-id_1ef690-3f{background-image:url('https:\/\/abdiet33.com\/wp-content\/uploads\/2022\/02\/bg-body-accueil-scaled-1.jpg');background-size:cover;background-position:53% 46%;background-attachment:fixed;background-repeat:no-repeat;}.kb-row-layout-id_1ef690-3f > .kt-row-layout-overlay{opacity:0.80;background-color:#e7efc5;mix-blend-mode:screen;}.kb-row-layout-id_1ef690-3f .kt-row-layout-bottom-sep{height:100px;}.kb-row-layout-id_1ef690-3f .kt-row-layout-bottom-sep svg{width:100%;}.kb-row-layout-id_1ef690-3f .kt-row-layout-bottom-sep svg{fill:#ffffff!important;}@media all and (max-width: 1024px){.kb-row-layout-id_1ef690-3f > .kt-row-column-wrap{grid-template-columns:minmax(0, 1fr);}}@media all and (max-width: 1024px){.kb-row-layout-id_1ef690-3f .kt-row-layout-bottom-sep{height:px;}}@media all and (max-width: 1024px){.kb-row-layout-id_1ef690-3f .kt-row-layout-bottom-sep svg{width:%;}}@media all and (max-width: 767px){.kb-row-layout-id_1ef690-3f > .kt-row-column-wrap{grid-template-columns:minmax(0, 1fr);}.kb-row-layout-id_1ef690-3f .kt-row-layout-bottom-sep{height:px;}.kb-row-layout-id_1ef690-3f .kt-row-layout-bottom-sep svg{width:%;}}<\/style><div class=\"kb-row-layout-wrap kb-row-layout-id_1ef690-3f alignfull kt-row-has-bg kt-jarallax wp-block-kadence-rowlayout\"><div class=\"kt-row-layout-overlay kt-row-overlay-normal\"><\/div><div class=\"kt-row-column-wrap kt-has-1-columns kt-row-layout-equal kt-tab-layout-inherit kt-mobile-layout-row kt-row-valign-top\">\n<style>.kadence-column_2e7e2a-86 > .kt-inside-inner-col,.kadence-column_2e7e2a-86 > .kt-inside-inner-col:before{border-top-left-radius:0px;border-top-right-radius:0px;border-bottom-right-radius:0px;border-bottom-left-radius:0px;}.kadence-column_2e7e2a-86 > .kt-inside-inner-col:before{opacity:0.3;}.kadence-column_2e7e2a-86{position:relative;}<\/style>\n<div class=\"wp-block-kadence-column kadence-column_2e7e2a-86 inner-column-1\"><div class=\"kt-inside-inner-col\"><\/div><\/div>\n\n<\/div><\/div>\n\n<style>.kb-row-layout-id_5463a0-96 > .kt-row-column-wrap{align-content:start;}:where(.kb-row-layout-id_5463a0-96 > .kt-row-column-wrap) > .wp-block-kadence-column{justify-content:start;}.kb-row-layout-id_5463a0-96 > .kt-row-column-wrap{column-gap:var(--global-kb-gap-md, 2rem);row-gap:var(--global-kb-gap-md, 2rem);padding-top:var(--global-kb-spacing-sm, 1.5rem);padding-bottom:var(--global-kb-spacing-sm, 1.5rem);grid-template-columns:minmax(0, 1fr);}.kb-row-layout-id_5463a0-96 > .kt-row-layout-overlay{opacity:0.30;}@media all and (max-width: 1024px){.kb-row-layout-id_5463a0-96 > .kt-row-column-wrap{grid-template-columns:minmax(0, 1fr);}}@media all and (max-width: 767px){.kb-row-layout-id_5463a0-96 > .kt-row-column-wrap{grid-template-columns:minmax(0, 1fr);}}<\/style><div class=\"kb-row-layout-wrap kb-row-layout-id_5463a0-96 alignnone wp-block-kadence-rowlayout\"><div class=\"kt-row-column-wrap kt-has-1-columns kt-row-layout-equal kt-tab-layout-inherit kt-mobile-layout-row kt-row-valign-top\">\n<style>.kadence-column_16617f-3b, .kt-inside-inner-col > .kadence-column_16617f-3b:not(.specificity){margin-top:25px;margin-right:25px;margin-bottom:25px;margin-left:25px;}.kadence-column_16617f-3b > .kt-inside-inner-col,.kadence-column_16617f-3b > .kt-inside-inner-col:before{border-top-left-radius:0px;border-top-right-radius:0px;border-bottom-right-radius:0px;border-bottom-left-radius:0px;}.kadence-column_16617f-3b > .kt-inside-inner-col:before{opacity:0.3;}.kadence-column_16617f-3b{position:relative;}<\/style>\n<div class=\"wp-block-kadence-column kadence-column_16617f-3b inner-column-1\"><div class=\"kt-inside-inner-col\"><style>.kb-row-layout-id_56a8a4-7c > .kt-row-column-wrap{align-content:start;}:where(.kb-row-layout-id_56a8a4-7c > .kt-row-column-wrap) > .wp-block-kadence-column{justify-content:start;}.kb-row-layout-id_56a8a4-7c > .kt-row-column-wrap{column-gap:var(--global-kb-gap-md, 2rem);row-gap:var(--global-kb-gap-md, 2rem);padding-top:var(--global-kb-spacing-sm, 1.5rem);padding-bottom:var(--global-kb-spacing-sm, 1.5rem);grid-template-columns:minmax(0, 1fr) minmax(0, 6fr) minmax(0, 1fr);}.kb-row-layout-id_56a8a4-7c{border-top-left-radius:10px;border-top-right-radius:10px;border-bottom-right-radius:10px;border-bottom-left-radius:10px;overflow:hidden;}.kb-row-layout-id_56a8a4-7c{background-color:#e7efc5;}.kb-row-layout-id_56a8a4-7c > .kt-row-layout-overlay{opacity:0.30;}@media all and (max-width: 1024px){.kb-row-layout-id_56a8a4-7c > .kt-row-column-wrap{grid-template-columns:repeat(3, minmax(0, 1fr));}}@media all and (max-width: 767px){.kb-row-layout-id_56a8a4-7c > .kt-row-column-wrap{grid-template-columns:minmax(0, 1fr);}}<\/style><div class=\"kb-row-layout-wrap kb-row-layout-id_56a8a4-7c alignnone kt-row-has-bg wp-block-kadence-rowlayout\"><div class=\"kt-row-column-wrap kt-has-3-columns kt-row-layout-center-exwide kt-tab-layout-inherit kt-mobile-layout-row kt-row-valign-top\">\n<style>.kadence-column_9b9d3d-ae > .kt-inside-inner-col,.kadence-column_9b9d3d-ae > .kt-inside-inner-col:before{border-top-left-radius:0px;border-top-right-radius:0px;border-bottom-right-radius:0px;border-bottom-left-radius:0px;}.kadence-column_9b9d3d-ae > .kt-inside-inner-col:before{opacity:0.3;}.kadence-column_9b9d3d-ae{position:relative;}<\/style>\n<div class=\"wp-block-kadence-column kadence-column_9b9d3d-ae inner-column-1\"><div class=\"kt-inside-inner-col\"><\/div><\/div>\n\n\n<style>.kadence-column_98d3e6-29 > .kt-inside-inner-col,.kadence-column_98d3e6-29 > .kt-inside-inner-col:before{border-top-left-radius:0px;border-top-right-radius:0px;border-bottom-right-radius:0px;border-bottom-left-radius:0px;}.kadence-column_98d3e6-29 > .kt-inside-inner-col:before{opacity:0.3;}.kadence-column_98d3e6-29, .kadence-column_98d3e6-29 h1, .kadence-column_98d3e6-29 h2, .kadence-column_98d3e6-29 h3, .kadence-column_98d3e6-29 h4, .kadence-column_98d3e6-29 h5, .kadence-column_98d3e6-29 h6{color:#5a3a22;}.kadence-column_98d3e6-29{position:relative;}<\/style>\n<div class=\"wp-block-kadence-column kadence-column_98d3e6-29 inner-column-2\"><div class=\"kt-inside-inner-col\"><style>.wp-block-kadence-advancedheading.kt-adv-heading_753808-44, .wp-block-kadence-advancedheading.kt-adv-heading_753808-44[data-kb-block=\"kb-adv-heading_753808-44\"]{font-style:normal;color:#5a3a22;}.wp-block-kadence-advancedheading.kt-adv-heading_753808-44 mark, .wp-block-kadence-advancedheading.kt-adv-heading_753808-44[data-kb-block=\"kb-adv-heading_753808-44\"] mark{font-style:normal;color:#f76a0c;padding-top:0px;padding-right:0px;padding-bottom:0px;padding-left:0px;}<\/style>\n<h2 class=\"kt-adv-heading_753808-44 wp-block-kadence-advancedheading\" data-kb-block=\"kb-adv-heading_753808-44\">Comment je travaille ?<\/h2>\n\n\n\n<p class=\"has-text-align-center\">Principalement en visio, avec des d\u00e9placements possibles \u00e0 domicile sur le secteur du 33290, ainsi que sur la commune de Macau.<\/p>\n\n\n\n<p class=\"has-text-align-center\"><strong>Les mercredis sont r\u00e9serv\u00e9s aux consultations des enfants\/adolescents<\/strong><\/p>\n\n\n\n<p class=\"has-text-align-center\">D\u00e8s notre premi\u00e8re rencontre, je me mets en relation avec votre\/vos m\u00e9decins, pour une collaboration pluridisciplinaire, dont vous \u00eates le coeur<\/p>\n\n\n\n<p class=\"has-text-align-center\">Je reprends les bases d&rsquo;une alimentation \u00e9quilibr\u00e9e et les adapte \u00e0 Vos besoins, Vos go\u00fbts, Vos envies, Votre mode de vie, Votre pathologie<\/p>\n\n\n\n<p class=\"has-text-align-center\">Ayant v\u00e9cu le fameux effet yoyo, une grossesse g\u00e9mellaire en PMA et un gros caprice hormonal, vous pourrez me croire, quand je vous dirai que \u00ab je vous comprends \u00bb.<\/p>\n\n\n\n<p class=\"has-text-align-center\">Ne soyez pas surpris de me voir r\u00e9agir \u00e0 votre langage non verbal, ou si je m\u2019int\u00e9resse \u00e0 vous, au del\u00e0 de ce qu&rsquo;il y a dans votre assiette. Mes priorit\u00e9s sont votre sant\u00e9, ainsi que votre bien-\u00eatre et cela ne se limite pas \u00e0 ce que vous mangez.<\/p>\n\n\n\n<p class=\"has-text-align-center\">Form\u00e9e \u00e0 tout accompagnement di\u00e9t\u00e9tique (je\u00fbne intermittent, v\u00e9g\u00e9talisation de l&rsquo;alimentation, diversification, ob\u00e9sit\u00e9&#8230;), je me suis sp\u00e9cialis\u00e9e dans la prise en charge de la sant\u00e9 des femmes (SPM, grossesse, allaitement, SOPK, endom\u00e9triose, m\u00e9nopause&#8230;), du diab\u00e8te, de l&rsquo;oncologie (je suis membre du r\u00e9seau Oncodiet de Gironde) et de la sant\u00e9 digestive (SIBO, MICI, SII&#8230;)<\/p>\n<\/div><\/div>\n\n\n<style>.kadence-column_938162-dd > .kt-inside-inner-col,.kadence-column_938162-dd > .kt-inside-inner-col:before{border-top-left-radius:0px;border-top-right-radius:0px;border-bottom-right-radius:0px;border-bottom-left-radius:0px;}.kadence-column_938162-dd > .kt-inside-inner-col:before{opacity:0.3;}.kadence-column_938162-dd{position:relative;}<\/style>\n<div class=\"wp-block-kadence-column kadence-column_938162-dd inner-column-3\"><div class=\"kt-inside-inner-col\"><\/div><\/div>\n\n<\/div><\/div><\/div><\/div>\n\n<\/div><\/div>","protected":false},"excerpt":{"rendered":"<p>Aur\u00e9lie Bareille Di\u00e9t\u00e9ticienne Nutritionniste &#8211; \u00ab\u00a0D\u00e9dramadiet\u00a0\u00bb \u00ab\u00a0N&rsquo;ayez plus peur de manger\u00a0\u00bb Fille, Femme, M\u00e8re, Grand M\u00e8re, vivez en harmonie avec vos hormones capricieuses et parcourez sereinement les chapitres de votre vie, gr\u00e2ce \u00e0 mon accompagnement bienveillant Qui&nbsp;suis-je&nbsp;? C&rsquo;est toujours un peu difficile de se d\u00e9finir&#8230; Mes proches disent de moi que je suis bienveillante, tol\u00e9rante,&#8230;<\/p>\n","protected":false},"author":1,"featured_media":0,"parent":0,"menu_order":0,"comment_status":"closed","ping_status":"closed","template":"","meta":{"_kad_post_transparent":"","_kad_post_title":"hide","_kad_post_layout":"fullwidth","_kad_post_sidebar_id":"","_kad_post_content_style":"unboxed","_kad_post_vertical_padding":"","_kad_post_feature":"","_kad_post_feature_position":"","_kad_post_header":false,"_kad_post_footer":false,"footnotes":""},"class_list":["post-22","page","type-page","status-publish","hentry"],"_links":{"self":[{"href":"https:\/\/abdiet33.com\/index.php\/wp-json\/wp\/v2\/pages\/22"}],"collection":[{"href":"https:\/\/abdiet33.com\/index.php\/wp-json\/wp\/v2\/pages"}],"about":[{"href":"https:\/\/abdiet33.com\/index.php\/wp-json\/wp\/v2\/types\/page"}],"author":[{"embeddable":true,"href":"https:\/\/abdiet33.com\/index.php\/wp-json\/wp\/v2\/users\/1"}],"replies":[{"embeddable":true,"href":"https:\/\/abdiet33.com\/index.php\/wp-json\/wp\/v2\/comments?post=22"}],"version-history":[{"count":16,"href":"https:\/\/abdiet33.com\/index.php\/wp-json\/wp\/v2\/pages\/22\/revisions"}],"predecessor-version":[{"id":451,"href":"https:\/\/abdiet33.com\/index.php\/wp-json\/wp\/v2\/pages\/22\/revisions\/451"}],"wp:attachment":[{"href":"https:\/\/abdiet33.com\/index.php\/wp-json\/wp\/v2\/media?parent=22"}],"curies":[{"name":"wp","href":"https:\/\/api.w.org\/{rel}","templated":true}]}}